{"id":84652,"date":"2020-06-16T19:10:09","date_gmt":"2020-06-16T17:10:09","guid":{"rendered":"https:\/\/findq.de\/?page_id=84652"},"modified":"2020-10-25T20:51:09","modified_gmt":"2020-10-25T19:51:09","slug":"blogforanotherolanet-about-nadja-raabe","status":"publish","type":"page","link":"https:\/\/findq.de\/en\/blogforanotherolanet-about-nadja-raabe\/","title":{"rendered":"MORE ABOUT THE AUTHOR"},"content":{"rendered":"<p>[vc_row row_height_percent=&#8221;100&#8243; back_color=&#8221;color-xsdn&#8221; back_image=&#8221;84655&#8243; back_position=&#8221;center center&#8221; overlay_alpha=&#8221;50&#8243; gutter_size=&#8221;3&#8243; column_width_percent=&#8221;100&#8243; shift_y=&#8221;0&#8243; z_index=&#8221;0&#8243;][vc_column column_width_percent=&#8221;100&#8243; gutter_size=&#8221;3&#8243; overlay_alpha=&#8221;50&#8243; shift_x=&#8221;0&#8243; shift_y=&#8221;0&#8243; shift_y_down=&#8221;0&#8243; z_index=&#8221;0&#8243; medium_width=&#8221;0&#8243; mobile_width=&#8221;0&#8243; css_animation=&#8221;alpha-anim&#8221; width=&#8221;1\/1&#8243; mobile_height=&#8221;340&#8243;][\/vc_column][\/vc_row][vc_row row_height_percent=&#8221;0&#8243; override_padding=&#8221;yes&#8221; h_padding=&#8221;2&#8243; top_padding=&#8221;2&#8243; bottom_padding=&#8221;3&#8243; overlay_alpha=&#8221;50&#8243; gutter_size=&#8221;3&#8243; column_width_percent=&#8221;100&#8243; shift_y=&#8221;0&#8243; z_index=&#8221;0&#8243;][vc_column column_width_percent=&#8221;100&#8243; gutter_size=&#8221;3&#8243; override_padding=&#8221;yes&#8221; column_padding=&#8221;3&#8243; back_color=&#8221;color-xsdn&#8221; overlay_alpha=&#8221;50&#8243; shift_x=&#8221;0&#8243; shift_y=&#8221;-5&#8243; shift_y_fixed=&#8221;yes&#8221; shift_y_down=&#8221;0&#8243; z_index=&#8221;0&#8243; medium_width=&#8221;0&#8243; mobile_width=&#8221;0&#8243; css_animation=&#8221;alpha-anim&#8221; width=&#8221;1\/1&#8243;][vc_row_inner row_inner_height_percent=&#8221;0&#8243; overlay_alpha=&#8221;50&#8243; equal_height=&#8221;yes&#8221; gutter_size=&#8221;0&#8243; shift_y=&#8221;0&#8243;][vc_column_inner column_width_percent=&#8221;100&#8243; position_vertical=&#8221;middle&#8221; align_horizontal=&#8221;align_right&#8221; gutter_size=&#8221;3&#8243; override_padding=&#8221;yes&#8221; column_padding=&#8221;2&#8243; overlay_alpha=&#8221;50&#8243; border_color=&#8221;color-gyho&#8221; border_style=&#8221;solid&#8221; shift_x=&#8221;0&#8243; shift_y=&#8221;0&#8243; shift_y_down=&#8221;0&#8243; z_index=&#8221;0&#8243; medium_width=&#8221;2&#8243; align_mobile=&#8221;align_center_mobile&#8221; mobile_width=&#8221;0&#8243; width=&#8221;3\/12&#8243; css=&#8221;.vc_custom_1495102345881{border-right-width: 1px !important;}&#8221;][vc_custom_heading heading_semantic=&#8221;h6&#8243; text_size=&#8221;h6&#8243; text_transform=&#8221;uppercase&#8221; text_space=&#8221;fontspace-135905&#8243;]The Author<br \/>\nNadja Raabe[\/vc_custom_heading][\/vc_column_inner][vc_column_inner column_width_percent=&#8221;100&#8243; position_vertical=&#8221;middle&#8221; gutter_size=&#8221;3&#8243; override_padding=&#8221;yes&#8221; column_padding=&#8221;2&#8243; overlay_alpha=&#8221;50&#8243; shift_x=&#8221;0&#8243; shift_y=&#8221;0&#8243; shift_y_down=&#8221;0&#8243; z_index=&#8221;0&#8243; medium_width=&#8221;6&#8243; align_mobile=&#8221;align_center_mobile&#8221; mobile_width=&#8221;0&#8243; width=&#8221;9\/12&#8243;][vc_custom_heading heading_semantic=&#8221;h3&#8243; text_size=&#8221;fontsize-155944&#8243; sub_reduced=&#8221;yes&#8221; subheading=&#8221;Corona dominates the headlines like no other topic. But nobody thinks about strong women right now. Is the comparison of the emergency situation in the pandemic with the Second World War justified? Nadja Raabe deals with these and other issues in this blog and podcast for posterity &#8211; for another planet. Get involved in an exciting and critical observation journey.&#8221;]BLOG FOR ANOTHER PLANET[\/vc_custom_heading][vc_button button_color=&#8221;color-uydo&#8221; border_width=&#8221;0&#8243; link=&#8221;url:%23autorin|&#8221;]About the author[\/vc_button][\/vc_column_inner][\/vc_row_inner][\/vc_column][\/vc_row][vc_row row_height_percent=&#8221;0&#8243; override_padding=&#8221;yes&#8221; h_padding=&#8221;2&#8243; top_padding=&#8221;6&#8243; bottom_padding=&#8221;6&#8243; overlay_alpha=&#8221;50&#8243; equal_height=&#8221;yes&#8221; gutter_size=&#8221;3&#8243; column_width_percent=&#8221;100&#8243; shift_y=&#8221;0&#8243; z_index=&#8221;0&#8243; row_name=&#8221;autorin&#8221; el_id=&#8221;autorin&#8221;][vc_column column_width_percent=&#8221;100&#8243; position_vertical=&#8221;middle&#8221; gutter_size=&#8221;3&#8243; overlay_alpha=&#8221;50&#8243; shift_x=&#8221;0&#8243; shift_y=&#8221;0&#8243; shift_y_down=&#8221;0&#8243; z_index=&#8221;0&#8243; medium_width=&#8221;0&#8243; mobile_width=&#8221;0&#8243; width=&#8221;1\/2&#8243;][vc_row_inner row_inner_height_percent=&#8221;0&#8243; overlay_alpha=&#8221;50&#8243; gutter_size=&#8221;2&#8243; shift_y=&#8221;0&#8243; z_index=&#8221;0&#8243;][vc_column_inner column_width_percent=&#8221;100&#8243; gutter_size=&#8221;3&#8243; overlay_alpha=&#8221;50&#8243; shift_x=&#8221;0&#8243; shift_y=&#8221;-2&#8243; shift_y_fixed=&#8221;yes&#8221; shift_y_down=&#8221;0&#8243; z_index=&#8221;0&#8243; medium_width=&#8221;4&#8243; mobile_width=&#8221;4&#8243; css_animation=&#8221;top-t-bottom&#8221; width=&#8221;1\/2&#8243;][vc_single_image media=&#8221;84578&#8243; caption=&#8221;yes&#8221; media_width_percent=&#8221;100&#8243; media_ratio=&#8221;nine-sixteen&#8221;][vc_column_text css_animation=&#8221;alpha-anim&#8221; animation_delay=&#8221;200&#8243;]Nadja Raabe M\u00e4rz 1993[\/vc_column_text][\/vc_column_inner][vc_column_inner column_width_percent=&#8221;100&#8243; gutter_size=&#8221;3&#8243; overlay_alpha=&#8221;50&#8243; shift_x=&#8221;0&#8243; shift_y=&#8221;0&#8243; shift_y_fixed=&#8221;yes&#8221; shift_y_down=&#8221;-2&#8243; z_index=&#8221;0&#8243; medium_width=&#8221;4&#8243; mobile_width=&#8221;4&#8243; css_animation=&#8221;top-t-bottom&#8221; animation_delay=&#8221;100&#8243; width=&#8221;1\/2&#8243;][vc_single_image media=&#8221;84580&#8243; caption=&#8221;yes&#8221; media_width_percent=&#8221;100&#8243; media_ratio=&#8221;nine-sixteen&#8221;][vc_column_text css_animation=&#8221;alpha-anim&#8221; animation_delay=&#8221;200&#8243;]Nadja Raabe 2011[\/vc_column_text][\/vc_column_inner][\/vc_row_inner][\/vc_column][vc_column column_width_percent=&#8221;100&#8243; position_vertical=&#8221;middle&#8221; gutter_size=&#8221;3&#8243; overlay_alpha=&#8221;50&#8243; shift_x=&#8221;0&#8243; shift_y=&#8221;0&#8243; shift_y_down=&#8221;0&#8243; z_index=&#8221;0&#8243; medium_width=&#8221;0&#8243; mobile_width=&#8221;0&#8243; css_animation=&#8221;alpha-anim&#8221; animation_delay=&#8221;200&#8243; width=&#8221;1\/2&#8243;][vc_custom_heading heading_semantic=&#8221;h3&#8243; text_size=&#8221;fontsize-155944&#8243;]ABOUT THE AUTHOR<\/p>\n<h4>PROJECT MANAGER &#8211; CHOREOGRAPHER &#8211; ENTREPRENEUR<\/h4>\n<p>[\/vc_custom_heading][vc_column_text]From 1984 to 1996, our author performed and directed several guest performances as choreographer and dancer in Hamburg, Munich, Berlin and other European countries. In 1997, she won the &#8220;p\u00e9pini\u00e8res europ\u00e9nnes pour les jeunes artistes&#8221; prize and created &#8220;solos for another planet.<\/p>\n<p>Our author at that time:<br \/>\n<a href=\"http:\/\/mothersfinest.biz\/project\/experiences\/\">http:\/\/mothersfinest.biz\/project\/experiences\/<\/a><\/p>\n<p>Our author today:<br \/>\n<a href=\"https:\/\/findq.de\/en\/company\/\">https:\/\/findq.de\/unternehmen<\/a>[\/vc_column_text][\/vc_column][\/vc_row][vc_row row_height_percent=&#8221;0&#8243; override_padding=&#8221;yes&#8221; h_padding=&#8221;0&#8243; top_padding=&#8221;0&#8243; bottom_padding=&#8221;3&#8243; overlay_alpha=&#8221;100&#8243; gutter_size=&#8221;3&#8243; column_width_percent=&#8221;100&#8243; shift_y=&#8221;0&#8243; z_index=&#8221;0&#8243; row_height_use_pixel=&#8221;&#8221;][vc_column column_width_use_pixel=&#8221;yes&#8221; gutter_size=&#8221;3&#8243; overlay_alpha=&#8221;50&#8243; shift_x=&#8221;0&#8243; shift_y=&#8221;0&#8243; shift_y_down=&#8221;0&#8243; z_index=&#8221;0&#8243; medium_width=&#8221;0&#8243; mobile_width=&#8221;0&#8243; css_animation=&#8221;alpha-anim&#8221; zoom_width=&#8221;0&#8243; zoom_height=&#8221;0&#8243; width=&#8221;5\/6&#8243;][vc_empty_space empty_h=&#8221;2&#8243;][vc_column_text css=&#8221;.vc_custom_1592416527365{margin-right: 10px !important;margin-left: 15px !important;padding-right: 10px !important;padding-left: 15px !important;}&#8221;]Funded by the City of Munich and the Fonds Darstellender K\u00fcnste, the results of the article on Mary Wigman with newspaper clippings from 1920 to 1963 were transferred to the Tanzarchiv K\u00f6ln.[\/vc_column_text][vc_single_image media=&#8221;84582&#8243; media_width_percent=&#8221;100&#8243; media_ratio=&#8221;three-two&#8221; media_title_uppercase=&#8221;&#8221;][\/vc_column][vc_column column_width_percent=&#8221;100&#8243; gutter_size=&#8221;3&#8243; overlay_alpha=&#8221;50&#8243; shift_x=&#8221;0&#8243; shift_y=&#8221;0&#8243; shift_y_down=&#8221;0&#8243; z_index=&#8221;0&#8243; medium_width=&#8221;0&#8243; mobile_width=&#8221;0&#8243; css_animation=&#8221;alpha-anim&#8221; zoom_width=&#8221;0&#8243; zoom_height=&#8221;0&#8243; width=&#8221;1\/6&#8243;][vc_empty_space empty_h=&#8221;2&#8243;][vc_empty_space empty_h=&#8221;3&#8243;][vc_column_text css=&#8221;.vc_custom_1592417002501{margin-top: 26px !important;padding-top: 26px !important;}&#8221;]Photo: Article from 1993 Source: Programme booklet &#8220;Heimat?[\/vc_column_text][\/vc_column][\/vc_row][vc_row row_height_percent=&#8221;0&#8243; override_padding=&#8221;yes&#8221; h_padding=&#8221;2&#8243; top_padding=&#8221;5&#8243; bottom_padding=&#8221;5&#8243; back_color=&#8221;color-lxmt&#8221; overlay_alpha=&#8221;50&#8243; gutter_size=&#8221;2&#8243; column_width_percent=&#8221;100&#8243; shift_y=&#8221;0&#8243; z_index=&#8221;0&#8243; el_id=&#8221;podcast1&#8243; row_name=&#8221;podcast1&#8243;][vc_column column_width_percent=&#8221;100&#8243; align_horizontal=&#8221;align_center&#8221; gutter_size=&#8221;4&#8243; overlay_alpha=&#8221;50&#8243; shift_x=&#8221;0&#8243; shift_y=&#8221;0&#8243; shift_y_down=&#8221;0&#8243; z_index=&#8221;0&#8243; medium_width=&#8221;0&#8243; mobile_width=&#8221;0&#8243; css_animation=&#8221;top-t-bottom&#8221; width=&#8221;1\/1&#8243;][vc_custom_heading text_size=&#8221;fontsize-338686&#8243;]<\/p>\n<h3 style=\"text-align: center;\">BLOG FROM ANOTHER PLANET<\/h3>\n<p style=\"text-align: center;\">Podcast 1 &#8211; CORONA-DIARIES<\/p>\n<p>[\/vc_custom_heading][uncode_index el_id=&#8221;index-472389981&#8243; isotope_mode=&#8221;fitRows&#8221; loop=&#8221;size:6|order_by:date|post_type:post|categories:221&#8243; gutter_size=&#8221;3&#8243; post_items=&#8221;media|featured|onpost|poster,title,text|excerpt|80,category|bordered|topright|hide-icon,sep-one|extra,link|link|default_size|outline&#8221; screen_lg=&#8221;1000&#8243; screen_md=&#8221;600&#8243; screen_sm=&#8221;480&#8243; images_size=&#8221;three-two&#8221; single_back_color=&#8221;color-xsdn&#8221; single_shape=&#8221;round&#8221; single_overlay_color=&#8221;color-xsdn&#8221; single_overlay_opacity=&#8221;50&#8243; single_h_align=&#8221;center&#8221; single_padding=&#8221;2&#8243; single_title_dimension=&#8221;h5&#8243; single_border=&#8221;yes&#8221; blog_post_items=&#8221;&#8221;][\/vc_column][\/vc_row]<\/p>\n","protected":false},"excerpt":{"rendered":"<p>Learn more about the author Nadja Raabe and the blog and podcast series &#8220;BLOG FOR ANOTHER PLANET&#8221;.<\/p>\n","protected":false},"author":1,"featured_media":84654,"parent":0,"menu_order":0,"comment_status":"closed","ping_status":"closed","template":"","meta":[],"_links":{"self":[{"href":"https:\/\/findq.de\/en\/wp-json\/wp\/v2\/pages\/84652"}],"collection":[{"href":"https:\/\/findq.de\/en\/wp-json\/wp\/v2\/pages"}],"about":[{"href":"https:\/\/findq.de\/en\/wp-json\/wp\/v2\/types\/page"}],"author":[{"embeddable":true,"href":"https:\/\/findq.de\/en\/wp-json\/wp\/v2\/users\/1"}],"replies":[{"embeddable":true,"href":"https:\/\/findq.de\/en\/wp-json\/wp\/v2\/comments?post=84652"}],"version-history":[{"count":1,"href":"https:\/\/findq.de\/en\/wp-json\/wp\/v2\/pages\/84652\/revisions"}],"predecessor-version":[{"id":87206,"href":"https:\/\/findq.de\/en\/wp-json\/wp\/v2\/pages\/84652\/revisions\/87206"}],"wp:featuredmedia":[{"embeddable":true,"href":"https:\/\/findq.de\/en\/wp-json\/wp\/v2\/media\/84654"}],"wp:attachment":[{"href":"https:\/\/findq.de\/en\/wp-json\/wp\/v2\/media?parent=84652"}],"curies":[{"name":"wp","href":"https:\/\/api.w.org\/{rel}","templated":true}]}}